{"id":206,"date":"2025-10-02T17:42:15","date_gmt":"2025-10-02T15:42:15","guid":{"rendered":"https:\/\/charpentier-avocats.fr\/?page_id=206"},"modified":"2025-10-04T20:12:52","modified_gmt":"2025-10-04T18:12:52","slug":"honoraires-et-frais","status":"publish","type":"page","link":"https:\/\/charpentier-avocats.fr\/index.php\/honoraires-et-frais\/","title":{"rendered":"Fanny CHARPENTIER &#8211; Honoraires &#038; Frais"},"content":{"rendered":"\n<style type=\"text\/css\" data-created_by=\"avia_inline_auto\" id=\"style-css-av-mg8zk1me-d7bece7ecaa6c008b7de40686119f50f\">\n.avia-section.av-mg8zk1me-d7bece7ecaa6c008b7de40686119f50f .av-parallax .av-parallax-inner{\nbackground-repeat:no-repeat;\nbackground-image:url(https:\/\/charpentier-avocats.fr\/wp-content\/uploads\/2025\/10\/maintenance-1-1500x844.jpg);\nbackground-position:50% 50%;\nbackground-attachment:scroll;\n}\n<\/style>\n<div id='av_section_1'  class='avia-section av-mg8zk1me-d7bece7ecaa6c008b7de40686119f50f main_color avia-section-no-padding avia-no-border-styling  avia-builder-el-0  el_before_av_section  avia-builder-el-first  av-parallax-section avia-bg-style-parallax container_wrap sidebar_right'  data-section-bg-repeat='no-repeat'><div class='av-parallax' data-avia-parallax-ratio='0.3' ><div class='av-parallax-inner main_color avia-full-stretch'><\/div><\/div><div class='container av-section-cont-open' ><main  role=\"main\" itemprop=\"mainContentOfPage\"  class='template-page content  av-content-small alpha units'><div class='post-entry post-entry-type-page post-entry-206'><div class='entry-content-wrapper clearfix'>\n<div  class='flex_column av-9dgo-a154ea53566ef3c6fc5a105e53ce4651 av_one_fourth  avia-builder-el-1  el_before_av_one_half  avia-builder-el-first  first flex_column_div  '     ><\/div>\n<style type=\"text\/css\" data-created_by=\"avia_inline_auto\" id=\"style-css-av-mg8zjrpy-101600550658904c419e819ef9eafcbe\">\n.flex_column.av-mg8zjrpy-101600550658904c419e819ef9eafcbe{\npadding:50px 50px 50px 50px;\nbackground-color:rgba(0,0,0,0.6);\n}\n<\/style>\n<div  class='flex_column av-mg8zjrpy-101600550658904c419e819ef9eafcbe av_one_half  avia-builder-el-2  el_after_av_one_fourth  el_before_av_one_fourth  flex_column_div  '     ><p>\n<style type=\"text\/css\" data-created_by=\"avia_inline_auto\" id=\"style-css-av-i5gs-6b055fbff5355a561a7c304f15c19ebe\">\n#top .hr.hr-invisible.av-i5gs-6b055fbff5355a561a7c304f15c19ebe{\nheight:100px;\n}\n<\/style>\n<div  class='hr av-i5gs-6b055fbff5355a561a7c304f15c19ebe hr-invisible  avia-builder-el-3  el_before_av_textblock  avia-builder-el-first  av-small-hide av-mini-hide'><span class='hr-inner '><span class=\"hr-inner-style\"><\/span><\/span><\/div><br \/>\n\n<style type=\"text\/css\" data-created_by=\"avia_inline_auto\" id=\"style-css-av-mg8zgfiy-f79d258561d77271c79f56da84ea193d\">\n#top .av_textblock_section.av-mg8zgfiy-f79d258561d77271c79f56da84ea193d .avia_textblock{\nfont-size:40px;\ncolor:#ffffff;\n}\n<\/style>\n<section  class='av_textblock_section av-mg8zgfiy-f79d258561d77271c79f56da84ea193d '   itemscope=\"itemscope\" itemtype=\"https:\/\/schema.org\/CreativeWork\" ><div class='avia_textblock av_inherit_color'  itemprop=\"text\" ><h1 style=\"text-align: center; text-transform: capitalize;\">Honoraire &#038; Frais<\/h1>\n<\/div><\/section><br \/>\n\n<style type=\"text\/css\" data-created_by=\"avia_inline_auto\" id=\"style-css-av-mg9kls2w-19d9e1bf47fc64e2bd504687fc458a57\">\n#top .hr.hr-invisible.av-mg9kls2w-19d9e1bf47fc64e2bd504687fc458a57{\nheight:100px;\n}\n<\/style>\n<div  class='hr av-mg9kls2w-19d9e1bf47fc64e2bd504687fc458a57 hr-invisible  avia-builder-el-5  el_after_av_textblock  avia-builder-el-last  av-small-hide av-mini-hide'><span class='hr-inner '><span class=\"hr-inner-style\"><\/span><\/span><\/div><\/p><\/div><div  class='flex_column av-9yggr-2e405d5911010bec8bf8a6931a0f6481 av_one_fourth  avia-builder-el-6  el_after_av_one_half  avia-builder-el-last  flex_column_div  '     ><\/div><\/div><\/div><\/main><!-- close content main element --><\/div><\/div><div id='presentation'  class='avia-section av-mg92imgu-bab32e0d4775c1e84d5ed51086e16fb0 main_color avia-section-default avia-no-border-styling  avia-builder-el-7  el_after_av_section  avia-builder-el-last  avia-bg-style-scroll container_wrap sidebar_right'  ><div class='container av-section-cont-open' ><div class='template-page content  av-content-small alpha units'><div class='post-entry post-entry-type-page post-entry-206'><div class='entry-content-wrapper clearfix'>\n<div  class='flex_column av-7cto-2b049acfb12ed67b0d2ea7f3319b85cc av_one_half  avia-builder-el-8  el_before_av_one_half  avia-builder-el-first  first flex_column_div  '     ><section  class='av_textblock_section av-mg9kip8h-ed275e337f3a14cb2835f5545221c849 '   itemscope=\"itemscope\" itemtype=\"https:\/\/schema.org\/CreativeWork\" ><div class='avia_textblock'  itemprop=\"text\" ><p style=\"text-align: justify;\">L&#8217;honoraire est librement fix\u00e9 entre l&#8217;avocat et son client et fait toujours l&#8217;objet d&#8217;une convention \u00e9crite, la Loi rendant obligatoire la signature d\u2019une convention d\u2019honoraires entre le client et l\u2019avocat et conditionne son intervention, sauf urgence ou force majeure.<\/p>\n<p style=\"text-align: justify;\">L&#8217;honoraire est en principe fix\u00e9 \u00e0 l&#8217;heure mais peut \u00eatre \u00e9galement fix\u00e9 au forfait pour les affaires les plus simples.<\/p>\n<p>Il peut \u00e9galement \u00eatre compl\u00e9t\u00e9 d&#8217;un honoraire dit de &#8220;r\u00e9sultat&#8221;.<\/p>\n<h4 style=\"color: #bb9b64; line-height: 1.2em; text-transform:uppercase;\">L&#8217;honoraire au temps pass\u00e9 :<\/h4>\n<p>Le taux horaire du Cabinet est fix\u00e9 entre 250 \u20ac HT et 300 \u20ac HT en fonction de la difficult\u00e9 de l&#8217;affaire.<\/p>\n<p>Des demandes de provisions et des factures interm\u00e9diaires sont p\u00e9riodiquement \u00e9mises au fur et \u00e0 mesure du travail accompli, un r\u00e9capitulatif du temps consacr\u00e9 \u00e9tant r\u00e9guli\u00e8rement adress\u00e9 au client.<\/p>\n<h4 style=\"color: #bb9b64; line-height: 1.2em; text-transform:uppercase;\">L\u2019honoraire au forfait :<\/h4>\n<p style=\"text-align: justify;\">Il est souvent des plus difficiles de pouvoir appr\u00e9hender d\u00e8s l&#8217;ouverture d&#8217;un dossier le temps qu&#8217;il conviendra raisonnablement d&#8217;y consacrer, pour d\u00e9pendre de facteurs dont l&#8217;avocat n&#8217;a pas la ma\u00eetrise (volont\u00e9 partag\u00e9e ou non par l&#8217;ensemble des parties de parvenir \u00e0 une solution n\u00e9goci\u00e9e, dur\u00e9e des n\u00e9gociations, existence ou non de proc\u00e9dures incidentes etc&#8230;).<\/p>\n<p style=\"text-align: justify;\">N\u00e9anmoins, il est possible dans certaines proc\u00e9dures de d\u00e9terminer un budget pr\u00e9visionnel, au regard du nombre d&#8217;heures habituellement consacr\u00e9es pour des dossiers similaires.<\/p>\n<p>C&#8217;est ainsi notamment que les honoraires du Cabinet sont fix\u00e9s de la mani\u00e8re suivante :<\/p>\n<ul>\n<li style=\"text-align: justify;\">Consultations juridiques :entre 150 \u20ac HT et 200 \u20ac HT selon la dur\u00e9e et la complexit\u00e9 de la probl\u00e9matique pos\u00e9e.<\/li>\n<li>Divorce par consentement mutuel :\n<ul>\n<li style=\"text-align: justify;\">Sans liquidation de r\u00e9gime matrimonial : \u00e0 partir de 1800 \u20ac HT dans la limite de 8 h de travail, et au co\u00fbt horaire de 250 \u20ac HT au del\u00e0,<\/li>\n<li style=\"text-align: justify;\">Avec liquidation de r\u00e9gime matrimonial : \u00e0 partir de 2200 \u20ac HT dans la limite de 10h de travail, et 250 \u20ac HT au del\u00e0<\/li>\n<\/ul>\n<\/li>\n<\/ul>\n<\/div><\/section><\/div><div  class='flex_column av-mg92pad1-33a1f2682ffe99fc8e5f169f0aa86132 av_one_half  avia-builder-el-10  el_after_av_one_half  avia-builder-el-last  flex_column_div  '     ><section  class='av_textblock_section av-mg9kskyt-330b608145268f87e95be2cc00eac3c2 '   itemscope=\"itemscope\" itemtype=\"https:\/\/schema.org\/CreativeWork\" ><div class='avia_textblock'  itemprop=\"text\" ><p style=\"text-align: justify;\">Proc\u00e9dure d&#8217;adoption, simple ou pl\u00e9ni\u00e8re : entre 1500 \u20ac HT et 2500 \u20ac HT, selon la tenue ou non d\u2019une audience et la complexit\u00e9 du cas d\u2019esp\u00e8ce<\/p>\n<ul>\n<li style=\"text-align: justify;\">Honoraires de postulation, lorsque vous avez choisi un Avocat sur un autre barreau pour vous d\u00e9fendre devant les Juridictions Versaillaises, la Loi faisant alors obligation de prendre un avocat inscrit au Barreau de Versailles : 800 \u20ac HT<\/li>\n<\/ul>\n<h4 style=\"color: #bb9b64; line-height: 1.2em; text-transform:uppercase;\">L&#8217;honoraire de r\u00e9sultat :<\/h4>\n<p style=\"text-align: justify;\">A la diff\u00e9rence des pays anglo saxons, la Loi Fran\u00e7aise fait une stricte interdiction \u00e0 l&#8217;Avocat d&#8217;\u00eatre exclusivement r\u00e9mun\u00e9r\u00e9 au r\u00e9sultat.<\/p>\n<p style=\"text-align: justify;\">Il s&#8217;agit donc n\u00e9cessairement d&#8217;un honoraire compl\u00e9mentaire, fix\u00e9 d&#8217;un commun accord, calcul\u00e9 sur le montant des sommes que l&#8217;avocat permet au client de gagner ou lui \u00e9vite de perdre (par exemple, entre le montant d&#8217;une somme propos\u00e9e amiablement et celle judiciairement obtenue).<\/p>\n<p style=\"text-align: justify;\">L&#8217;honoraire de r\u00e9sultat repr\u00e9sente en r\u00e8gle g\u00e9n\u00e9rale entre 5 % et 8 % HT de la somme ainsi gagn\u00e9e ou \u00e9pargn\u00e9e mais peut \u00eatre \u00e9galement fix\u00e9 de fa\u00e7on d\u00e9gressive.<\/p>\n<h4 style=\"color: #bb9b64; line-height: 1.2em; text-transform:uppercase;\">Frais :<\/h4>\n<p>Un certain nombre de frais, non compris dans les honoraires, restent \u00e0 la charge du client.<\/p>\n<p>Il s\u2019agit notamment :<\/p>\n<p style=\"text-align: justify;\">Concernant les frais de l\u2019Avocat : des frais de d\u00e9placement (billets d\u2019avion ou de train), des frais d\u2019h\u00e9bergement (nuits d\u2019h\u00f4tel)\u2026<\/p>\n<p style=\"text-align: justify;\">Concernant le dossier : des frais de recherches, frais et honoraires de l\u2019Avocat postulant (en premi\u00e8re instance ou en appel), frais d\u2019huissier (pour la d\u00e9livrance ou la signification d\u2019actes), frais et honoraires d\u2019Avocat \u00e0 la Cour de Cassation (en cas de pourvoi), droit de plaidoiries (13 \u20ac par audience donnant lieu \u00e0 une d\u00e9cision), frais de timbre en cause d&#8217;appel (225 \u20ac)\u2026.<\/p>\n<p style=\"text-align: justify;\">Tous litiges relatifs aux honoraires rel\u00e8vent de la comp\u00e9tence juridictionnelle Madame Monsieur le B\u00e2tonnier de l&#8217;Ordre des Avocats du Barreau de VERSAILLES.<\/p>\n<\/div><\/section><\/div>\n<\/div><\/div><\/div><!-- close content main div --><\/div><\/div><div id='after_section_2'  class='main_color av_default_container_wrap container_wrap sidebar_right'  ><div class='container av-section-cont-open' ><div class='template-page content  av-content-small alpha units'><div class='post-entry post-entry-type-page post-entry-206'><div class='entry-content-wrapper clearfix'><\/p>\n","protected":false},"excerpt":{"rendered":"","protected":false},"author":1,"featured_media":0,"parent":0,"menu_order":0,"comment_status":"closed","ping_status":"open","template":"","meta":{"footnotes":""},"class_list":["post-206","page","type-page","status-publish","hentry"],"yoast_head":"<!-- This site is optimized with the Yoast SEO plugin v26.0 - https:\/\/yoast.com\/wordpress\/plugins\/seo\/ -->\n<title>Fanny CHARPENTIER - Honoraires &amp; Frais<\/title>\n<meta name=\"description\" content=\"L&#039;honoraire est librement fix\u00e9 entre l&#039;avocat et son client et fait toujours l&#039;objet d&#039;une convention \u00e9crite et sign\u00e9e.\" \/>\n<meta name=\"robots\" content=\"index, follow, max-snippet:-1, max-image-preview:large, max-video-preview:-1\" \/>\n<link rel=\"canonical\" href=\"https:\/\/charpentier-avocats.fr\/index.php\/honoraires-et-frais\/\" \/>\n<meta property=\"og:locale\" content=\"en_US\" \/>\n<meta property=\"og:type\" content=\"article\" \/>\n<meta property=\"og:title\" content=\"Fanny CHARPENTIER - Honoraires &amp; Frais\" \/>\n<meta property=\"og:description\" content=\"L&#039;honoraire est librement fix\u00e9 entre l&#039;avocat et son client et fait toujours l&#039;objet d&#039;une convention \u00e9crite et sign\u00e9e.\" \/>\n<meta property=\"og:url\" content=\"https:\/\/charpentier-avocats.fr\/index.php\/honoraires-et-frais\/\" \/>\n<meta property=\"og:site_name\" content=\"Fanny CHARPENTIER\" \/>\n<meta property=\"article:modified_time\" content=\"2025-10-04T18:12:52+00:00\" \/>\n<meta name=\"twitter:card\" content=\"summary_large_image\" \/>\n<meta name=\"twitter:label1\" content=\"Est. reading time\" \/>\n\t<meta name=\"twitter:data1\" content=\"3 minutes\" \/>\n<script type=\"application\/ld+json\" class=\"yoast-schema-graph\">{\"@context\":\"https:\/\/schema.org\",\"@graph\":[{\"@type\":\"WebPage\",\"@id\":\"https:\/\/charpentier-avocats.fr\/index.php\/honoraires-et-frais\/\",\"url\":\"https:\/\/charpentier-avocats.fr\/index.php\/honoraires-et-frais\/\",\"name\":\"Fanny CHARPENTIER - Honoraires & Frais\",\"isPartOf\":{\"@id\":\"https:\/\/charpentier-avocats.fr\/#website\"},\"datePublished\":\"2025-10-02T15:42:15+00:00\",\"dateModified\":\"2025-10-04T18:12:52+00:00\",\"description\":\"L'honoraire est librement fix\u00e9 entre l'avocat et son client et fait toujours l'objet d'une convention \u00e9crite et sign\u00e9e.\",\"breadcrumb\":{\"@id\":\"https:\/\/charpentier-avocats.fr\/index.php\/honoraires-et-frais\/#breadcrumb\"},\"inLanguage\":\"en-US\",\"potentialAction\":[{\"@type\":\"ReadAction\",\"target\":[\"https:\/\/charpentier-avocats.fr\/index.php\/honoraires-et-frais\/\"]}]},{\"@type\":\"BreadcrumbList\",\"@id\":\"https:\/\/charpentier-avocats.fr\/index.php\/honoraires-et-frais\/#breadcrumb\",\"itemListElement\":[{\"@type\":\"ListItem\",\"position\":1,\"name\":\"Home\",\"item\":\"https:\/\/charpentier-avocats.fr\/\"},{\"@type\":\"ListItem\",\"position\":2,\"name\":\"Fanny CHARPENTIER &#8211; Honoraires &#038; Frais\"}]},{\"@type\":\"WebSite\",\"@id\":\"https:\/\/charpentier-avocats.fr\/#website\",\"url\":\"https:\/\/charpentier-avocats.fr\/\",\"name\":\"Fanny CHARPENTIER\",\"description\":\"Avocat \u00e0 la cour de Versailles\",\"potentialAction\":[{\"@type\":\"SearchAction\",\"target\":{\"@type\":\"EntryPoint\",\"urlTemplate\":\"https:\/\/charpentier-avocats.fr\/?s={search_term_string}\"},\"query-input\":{\"@type\":\"PropertyValueSpecification\",\"valueRequired\":true,\"valueName\":\"search_term_string\"}}],\"inLanguage\":\"en-US\"}]}<\/script>\n<!-- \/ Yoast SEO plugin. -->","yoast_head_json":{"title":"Fanny CHARPENTIER - Honoraires & Frais","description":"L'honoraire est librement fix\u00e9 entre l'avocat et son client et fait toujours l'objet d'une convention \u00e9crite et sign\u00e9e.","robots":{"index":"index","follow":"follow","max-snippet":"max-snippet:-1","max-image-preview":"max-image-preview:large","max-video-preview":"max-video-preview:-1"},"canonical":"https:\/\/charpentier-avocats.fr\/index.php\/honoraires-et-frais\/","og_locale":"en_US","og_type":"article","og_title":"Fanny CHARPENTIER - Honoraires & Frais","og_description":"L'honoraire est librement fix\u00e9 entre l'avocat et son client et fait toujours l'objet d'une convention \u00e9crite et sign\u00e9e.","og_url":"https:\/\/charpentier-avocats.fr\/index.php\/honoraires-et-frais\/","og_site_name":"Fanny CHARPENTIER","article_modified_time":"2025-10-04T18:12:52+00:00","twitter_card":"summary_large_image","twitter_misc":{"Est. reading time":"3 minutes"},"schema":{"@context":"https:\/\/schema.org","@graph":[{"@type":"WebPage","@id":"https:\/\/charpentier-avocats.fr\/index.php\/honoraires-et-frais\/","url":"https:\/\/charpentier-avocats.fr\/index.php\/honoraires-et-frais\/","name":"Fanny CHARPENTIER - Honoraires & Frais","isPartOf":{"@id":"https:\/\/charpentier-avocats.fr\/#website"},"datePublished":"2025-10-02T15:42:15+00:00","dateModified":"2025-10-04T18:12:52+00:00","description":"L'honoraire est librement fix\u00e9 entre l'avocat et son client et fait toujours l'objet d'une convention \u00e9crite et sign\u00e9e.","breadcrumb":{"@id":"https:\/\/charpentier-avocats.fr\/index.php\/honoraires-et-frais\/#breadcrumb"},"inLanguage":"en-US","potentialAction":[{"@type":"ReadAction","target":["https:\/\/charpentier-avocats.fr\/index.php\/honoraires-et-frais\/"]}]},{"@type":"BreadcrumbList","@id":"https:\/\/charpentier-avocats.fr\/index.php\/honoraires-et-frais\/#breadcrumb","itemListElement":[{"@type":"ListItem","position":1,"name":"Home","item":"https:\/\/charpentier-avocats.fr\/"},{"@type":"ListItem","position":2,"name":"Fanny CHARPENTIER &#8211; Honoraires &#038; Frais"}]},{"@type":"WebSite","@id":"https:\/\/charpentier-avocats.fr\/#website","url":"https:\/\/charpentier-avocats.fr\/","name":"Fanny CHARPENTIER","description":"Avocat \u00e0 la cour de Versailles","potentialAction":[{"@type":"SearchAction","target":{"@type":"EntryPoint","urlTemplate":"https:\/\/charpentier-avocats.fr\/?s={search_term_string}"},"query-input":{"@type":"PropertyValueSpecification","valueRequired":true,"valueName":"search_term_string"}}],"inLanguage":"en-US"}]}},"_links":{"self":[{"href":"https:\/\/charpentier-avocats.fr\/index.php\/wp-json\/wp\/v2\/pages\/206","targetHints":{"allow":["GET"]}}],"collection":[{"href":"https:\/\/charpentier-avocats.fr\/index.php\/wp-json\/wp\/v2\/pages"}],"about":[{"href":"https:\/\/charpentier-avocats.fr\/index.php\/wp-json\/wp\/v2\/types\/page"}],"author":[{"embeddable":true,"href":"https:\/\/charpentier-avocats.fr\/index.php\/wp-json\/wp\/v2\/users\/1"}],"replies":[{"embeddable":true,"href":"https:\/\/charpentier-avocats.fr\/index.php\/wp-json\/wp\/v2\/comments?post=206"}],"version-history":[{"count":8,"href":"https:\/\/charpentier-avocats.fr\/index.php\/wp-json\/wp\/v2\/pages\/206\/revisions"}],"predecessor-version":[{"id":482,"href":"https:\/\/charpentier-avocats.fr\/index.php\/wp-json\/wp\/v2\/pages\/206\/revisions\/482"}],"wp:attachment":[{"href":"https:\/\/charpentier-avocats.fr\/index.php\/wp-json\/wp\/v2\/media?parent=206"}],"curies":[{"name":"wp","href":"https:\/\/api.w.org\/{rel}","templated":true}]}}